{"id":50,"date":"2024-09-30T15:01:16","date_gmt":"2024-09-30T21:01:16","guid":{"rendered":"https:\/\/rentadeplataformastoluca.com\/plataformas\/?page_id=50"},"modified":"2024-10-16T15:48:15","modified_gmt":"2024-10-16T21:48:15","slug":"renta-de-plataformas","status":"publish","type":"page","link":"https:\/\/rentadeplataformastoluca.com\/plataformas\/","title":{"rendered":"Renta de Plataformas"},"content":{"rendered":"<p>[et_pb_section fb_built=\u00bb1&#8243; _builder_version=\u00bb4.27.0&#8243; _module_preset=\u00bbdefault\u00bb custom_padding=\u00bb20px||||false|false\u00bb top_divider_style=\u00bbarrow3&#8243; top_divider_color=\u00bb#ff9900&#8243; bottom_divider_style=\u00bbarrow3&#8243; bottom_divider_color=\u00bb#ff9900&#8243; global_colors_info=\u00bb{}\u00bb][et_pb_row _builder_version=\u00bb4.27.0&#8243; _module_preset=\u00bbdefault\u00bb custom_padding=\u00bb2px||||false|false\u00bb global_colors_info=\u00bb{}\u00bb][et_pb_column type=\u00bb4_4&#8243; _builder_version=\u00bb4.27.0&#8243; _module_preset=\u00bbdefault\u00bb global_colors_info=\u00bb{}\u00bb][et_pb_image src=\u00bbhttps:\/\/rentadeplataformastoluca.com\/plataformas\/wp-content\/uploads\/2024\/10\/encabezado-920.jpg\u00bb title_text=\u00bbencabezado-920&#8243; align=\u00bbcenter\u00bb _builder_version=\u00bb4.27.2&#8243; _module_preset=\u00bbdefault\u00bb background_color=\u00bb#ff6600&#8243; module_alignment=\u00bbcenter\u00bb max_height=\u00bb350px\u00bb global_colors_info=\u00bb{}\u00bb][\/et_pb_image][et_pb_text _builder_version=\u00bb4.27.0&#8243; _module_preset=\u00bbdefault\u00bb max_width=\u00bb80%\u00bb module_alignment=\u00bbcenter\u00bb global_colors_info=\u00bb{}\u00bb]<\/p>\n<p>Ofrecemos un servicio exclusivo en renta de plataformas de elevaci\u00f3n para la realizaci\u00f3n de tus trabajos en altura as\u00ed como el flete de transportaci\u00f3n en Toluca y sus alrededores.<\/p>\n<p>Nuestras plataformas profesionales de elevaci\u00f3n en renta te permiten trabajar en las mejores condiciones, aumentando la productividad y garantizando la m\u00e1xima seguridad para los operarios.<\/p>\n<p>\u00d3ptimas para trabajos de construcci\u00f3n, mantenimiento de instalaciones, restauraci\u00f3n de edificios, instalaci\u00f3n de estructuras met\u00e1licas, rehabilitaciones de fachadas, etc.<\/p>\n<p>La renta de plataformas es una soluci\u00f3n econ\u00f3mica que permite el acceso a maquinaria de primera calidad, en Toluca y sus alrededores, sin tener que desembolsar grandes cantidades para la compra del equipo ni preocuparse por el mantenimiento.<\/p>\n<p style=\"text-align: justify;\">Dentro de nuesto cat\u00e1logo podr\u00e1s contratar la renta de cualquiera de nuestras plataformas de tijera, articuladas o unipersonales.<\/p>\n<p>[\/et_pb_text][\/et_pb_column][\/et_pb_row][et_pb_row _builder_version=\u00bb4.27.0&#8243; _module_preset=\u00bbdefault\u00bb background_enable_color=\u00bboff\u00bb custom_padding=\u00bb2px||||false|false\u00bb global_colors_info=\u00bb{}\u00bb][et_pb_column type=\u00bb4_4&#8243; _builder_version=\u00bb4.27.0&#8243; _module_preset=\u00bbdefault\u00bb global_colors_info=\u00bb{}\u00bb][et_pb_heading title=\u00bbRenta de Plataformas en Toluca\u00bb _builder_version=\u00bb4.27.0&#8243; _module_preset=\u00bbdefault\u00bb title_level=\u00bbh2&#8243; title_text_align=\u00bbcenter\u00bb title_text_color=\u00bb#000000&#8243; title_line_height=\u00bb1.4em\u00bb background_color=\u00bb#ff6600&#8243; positioning=\u00bbnone\u00bb position_origin_a=\u00bbcenter_right\u00bb width=\u00bb100%\u00bb min_height=\u00bb12px\u00bb custom_padding=\u00bb0px||0px||false|false\u00bb text_shadow_style=\u00bbpreset1&#8243; global_colors_info=\u00bb{}\u00bb][\/et_pb_heading][\/et_pb_column][\/et_pb_row][et_pb_row column_structure=\u00bb1_4,1_4,1_4,1_4&#8243; make_equal=\u00bbon\u00bb _builder_version=\u00bb4.27.0&#8243; _module_preset=\u00bbdefault\u00bb global_colors_info=\u00bb{}\u00bb][et_pb_column type=\u00bb1_4&#8243; _builder_version=\u00bb4.27.0&#8243; _module_preset=\u00bbdefault\u00bb global_colors_info=\u00bb{}\u00bb][et_pb_image src=\u00bbhttps:\/\/rentadeplataformastoluca.com\/plataformas\/wp-content\/uploads\/2024\/09\/plataforma-tijera-cerrada.jpg\u00bb title_text=\u00bbplataforma-tijera-cerrada\u00bb align=\u00bbcenter\u00bb _builder_version=\u00bb4.27.0&#8243; _module_preset=\u00bbdefault\u00bb custom_margin=\u00bb||10px|||\u00bb animation_style=\u00bbslide\u00bb animation_direction=\u00bbleft\u00bb global_colors_info=\u00bb{}\u00bb][\/et_pb_image][et_pb_text _builder_version=\u00bb4.27.0&#8243; _module_preset=\u00bbdefault\u00bb header_3_font=\u00bb|600|||||||\u00bb header_3_text_color=\u00bb#000000&#8243; custom_margin=\u00bb||7px|||\u00bb animation_style=\u00bbslide\u00bb animation_direction=\u00bbleft\u00bb animation_delay=\u00bb150ms\u00bb global_colors_info=\u00bb{}\u00bb]<\/p>\n<h3 style=\"text-align: center;\">De Tijera<\/h3>\n<p>[\/et_pb_text][et_pb_button button_url=\u00bb@ET-DC@eyJkeW5hbWljIjp0cnVlLCJjb250ZW50IjoicG9zdF9saW5rX3VybF9wYWdlIiwic2V0dGluZ3MiOnsicG9zdF9pZCI6IjYyIn19@\u00bb button_text=\u00bbVer Modelos\u00bb button_alignment=\u00bbcenter\u00bb _builder_version=\u00bb4.27.2&#8243; _dynamic_attributes=\u00bbbutton_url\u00bb _module_preset=\u00bbdefault\u00bb custom_button=\u00bbon\u00bb button_text_color=\u00bb#000000&#8243; button_bg_color=\u00bb#ff6600&#8243; button_icon=\u00bb&#x3d;||divi||400&#8243; button_icon_color=\u00bb#000000&#8243; button_on_hover=\u00bboff\u00bb animation_style=\u00bbslide\u00bb animation_direction=\u00bbleft\u00bb animation_delay=\u00bb200ms\u00bb hover_enabled=\u00bb0&#8243; button_text_shadow_style=\u00bbpreset1&#8243; global_colors_info=\u00bb{}\u00bb sticky_enabled=\u00bb0&#8243;][\/et_pb_button][\/et_pb_column][et_pb_column type=\u00bb1_4&#8243; _builder_version=\u00bb4.27.0&#8243; _module_preset=\u00bbdefault\u00bb global_colors_info=\u00bb{}\u00bb][et_pb_image src=\u00bbhttps:\/\/rentadeplataformastoluca.com\/plataformas\/wp-content\/uploads\/2024\/09\/plataforma-articulada-abajo.jpg\u00bb title_text=\u00bbplataforma-articulada-abajo\u00bb align=\u00bbcenter\u00bb _builder_version=\u00bb4.27.0&#8243; _module_preset=\u00bbdefault\u00bb custom_margin=\u00bb||10px|||\u00bb animation_style=\u00bbslide\u00bb animation_direction=\u00bbleft\u00bb global_colors_info=\u00bb{}\u00bb][\/et_pb_image][et_pb_text _builder_version=\u00bb4.27.0&#8243; _module_preset=\u00bbdefault\u00bb header_3_font=\u00bb|600|||||||\u00bb header_3_text_color=\u00bb#000000&#8243; custom_margin=\u00bb||7px|||\u00bb animation_style=\u00bbslide\u00bb animation_direction=\u00bbleft\u00bb animation_delay=\u00bb150ms\u00bb global_colors_info=\u00bb{}\u00bb]<\/p>\n<h3 style=\"text-align: center;\">Articulada<\/h3>\n<p>[\/et_pb_text][et_pb_button button_url=\u00bb@ET-DC@eyJkeW5hbWljIjp0cnVlLCJjb250ZW50IjoicG9zdF9saW5rX3VybF9wYWdlIiwic2V0dGluZ3MiOnsicG9zdF9pZCI6IjgxIn19@\u00bb button_text=\u00bbVer Modelos\u00bb button_alignment=\u00bbcenter\u00bb _builder_version=\u00bb4.27.0&#8243; _dynamic_attributes=\u00bbbutton_url\u00bb _module_preset=\u00bbdefault\u00bb custom_button=\u00bbon\u00bb button_text_color=\u00bb#000000&#8243; button_bg_color=\u00bb#ff6600&#8243; button_icon=\u00bb&#x3d;||divi||400&#8243; button_icon_color=\u00bb#000000&#8243; button_on_hover=\u00bboff\u00bb animation_style=\u00bbslide\u00bb animation_direction=\u00bbleft\u00bb animation_delay=\u00bb200ms\u00bb button_text_shadow_style=\u00bbpreset1&#8243; global_colors_info=\u00bb{}\u00bb][\/et_pb_button][\/et_pb_column][et_pb_column type=\u00bb1_4&#8243; _builder_version=\u00bb4.27.0&#8243; _module_preset=\u00bbdefault\u00bb global_colors_info=\u00bb{}\u00bb][et_pb_image src=\u00bbhttps:\/\/rentadeplataformastoluca.com\/plataformas\/wp-content\/uploads\/2024\/09\/plataforma-unipersonal-cerrada.jpg\u00bb title_text=\u00bbplataforma-unipersonal-cerrada\u00bb align=\u00bbcenter\u00bb _builder_version=\u00bb4.27.0&#8243; _module_preset=\u00bbdefault\u00bb background_color=\u00bbRGBA(255,255,255,0)\u00bb custom_margin=\u00bb||10px|||\u00bb animation_style=\u00bbslide\u00bb animation_direction=\u00bbleft\u00bb global_colors_info=\u00bb{}\u00bb][\/et_pb_image][et_pb_text _builder_version=\u00bb4.27.0&#8243; _module_preset=\u00bbdefault\u00bb header_3_font=\u00bb|600|||||||\u00bb header_3_text_color=\u00bb#000000&#8243; custom_margin=\u00bb||7px|||\u00bb animation_style=\u00bbslide\u00bb animation_direction=\u00bbleft\u00bb animation_delay=\u00bb150ms\u00bb global_colors_info=\u00bb{}\u00bb]<\/p>\n<h3 style=\"text-align: center;\">Unipersonal<\/h3>\n<p>[\/et_pb_text][et_pb_button button_url=\u00bb@ET-DC@eyJkeW5hbWljIjp0cnVlLCJjb250ZW50IjoicG9zdF9saW5rX3VybF9wYWdlIiwic2V0dGluZ3MiOnsicG9zdF9pZCI6IjkzIn19@\u00bb button_text=\u00bbVer Modelo\u00bb button_alignment=\u00bbcenter\u00bb _builder_version=\u00bb4.27.0&#8243; _dynamic_attributes=\u00bbbutton_url\u00bb _module_preset=\u00bbdefault\u00bb custom_button=\u00bbon\u00bb button_text_color=\u00bb#000000&#8243; button_bg_color=\u00bb#ff6600&#8243; button_icon=\u00bb&#x3d;||divi||400&#8243; button_icon_color=\u00bb#000000&#8243; button_on_hover=\u00bboff\u00bb animation_style=\u00bbslide\u00bb animation_direction=\u00bbleft\u00bb animation_delay=\u00bb200ms\u00bb button_text_shadow_style=\u00bbpreset1&#8243; global_colors_info=\u00bb{}\u00bb][\/et_pb_button][\/et_pb_column][et_pb_column type=\u00bb1_4&#8243; _builder_version=\u00bb4.27.0&#8243; _module_preset=\u00bbdefault\u00bb global_colors_info=\u00bb{}\u00bb][et_pb_image src=\u00bbhttps:\/\/rentadeplataformastoluca.com\/plataformas\/wp-content\/uploads\/2024\/10\/flete-plataformas.jpg\u00bb title_text=\u00bbflete-plataformas\u00bb align=\u00bbcenter\u00bb _builder_version=\u00bb4.27.0&#8243; _module_preset=\u00bbdefault\u00bb max_height=\u00bb250px\u00bb custom_margin=\u00bb||10px|||\u00bb animation_style=\u00bbslide\u00bb animation_direction=\u00bbleft\u00bb global_colors_info=\u00bb{}\u00bb][\/et_pb_image][et_pb_text _builder_version=\u00bb4.27.0&#8243; _module_preset=\u00bbdefault\u00bb header_3_font=\u00bb|600|||||||\u00bb header_3_text_color=\u00bb#000000&#8243; custom_margin=\u00bb||7px|||\u00bb animation_style=\u00bbslide\u00bb animation_direction=\u00bbleft\u00bb animation_delay=\u00bb150ms\u00bb global_colors_info=\u00bb{}\u00bb]<\/p>\n<h3 style=\"text-align: center;\">Transportaci\u00f3n<\/h3>\n<p>[\/et_pb_text][et_pb_button button_url=\u00bb@ET-DC@eyJkeW5hbWljIjp0cnVlLCJjb250ZW50IjoicG9zdF9saW5rX3VybF9wYWdlIiwic2V0dGluZ3MiOnsicG9zdF9pZCI6IjEwMSJ9fQ==@\u00bb button_text=\u00bbInformaci\u00f3n\u00bb button_alignment=\u00bbcenter\u00bb _builder_version=\u00bb4.27.0&#8243; _dynamic_attributes=\u00bbbutton_url\u00bb _module_preset=\u00bbdefault\u00bb custom_button=\u00bbon\u00bb button_text_color=\u00bb#000000&#8243; button_bg_color=\u00bb#ff6600&#8243; button_icon=\u00bb&#x3d;||divi||400&#8243; button_icon_color=\u00bb#000000&#8243; button_on_hover=\u00bboff\u00bb animation_style=\u00bbslide\u00bb animation_direction=\u00bbleft\u00bb animation_delay=\u00bb200ms\u00bb button_text_shadow_style=\u00bbpreset1&#8243; global_colors_info=\u00bb{}\u00bb][\/et_pb_button][\/et_pb_column][\/et_pb_row][et_pb_row _builder_version=\u00bb4.27.0&#8243; _module_preset=\u00bbdefault\u00bb position_origin_f=\u00bbtop_right\u00bb vertical_offset=\u00bb50px\u00bb horizontal_offset=\u00bb6px\u00bb animation_direction=\u00bbright\u00bb locked=\u00bboff\u00bb global_colors_info=\u00bb{}\u00bb][et_pb_column type=\u00bb4_4&#8243; _builder_version=\u00bb4.27.0&#8243; _module_preset=\u00bbdefault\u00bb positioning=\u00bbnone\u00bb z_index=\u00bb9&#8243; global_colors_info=\u00bb{}\u00bb][et_pb_icon font_icon=\u00bb&#xf232;||fa||400&#8243; icon_color=\u00bb#E02B20&#8243; icon_width=\u00bb50px\u00bb url=\u00bbhttps:\/\/api.whatsapp.com\/send\/?phone=527294690977&#038;text=Hola%20entr\u00e9%20a%20tu%20sitio%20y%20quiero%20informes%20de&#8230;\u00bb _builder_version=\u00bb4.27.0&#8243; _module_preset=\u00bbdefault\u00bb positioning=\u00bbfixed\u00bb position_origin_f=\u00bbcenter_right\u00bb horizontal_offset=\u00bb25px\u00bb animation_style=\u00bbroll\u00bb animation_duration=\u00bb1200ms\u00bb global_colors_info=\u00bb{}\u00bb][\/et_pb_icon][\/et_pb_column][\/et_pb_row][\/et_pb_section]<\/p>\n","protected":false},"excerpt":{"rendered":"<p>Ofrecemos un servicio exclusivo en renta de plataformas de elevaci\u00f3n para la realizaci\u00f3n de tus trabajos en altura as\u00ed como el flete de transportaci\u00f3n en Toluca y sus alrededores. Nuestras plataformas profesionales de elevaci\u00f3n en renta te permiten trabajar en las mejores condiciones, aumentando la productividad y garantizando la m\u00e1xima seguridad para los operarios. \u00d3ptimas [&hellip;]<\/p>\n","protected":false},"author":1,"featured_media":0,"parent":0,"menu_order":0,"comment_status":"closed","ping_status":"closed","template":"","meta":{"_et_pb_use_builder":"on","_et_pb_old_content":"","_et_gb_content_width":"","footnotes":""},"class_list":["post-50","page","type-page","status-publish","hentry"],"aioseo_notices":[],"_links":{"self":[{"href":"https:\/\/rentadeplataformastoluca.com\/plataformas\/wp-json\/wp\/v2\/pages\/50","targetHints":{"allow":["GET"]}}],"collection":[{"href":"https:\/\/rentadeplataformastoluca.com\/plataformas\/wp-json\/wp\/v2\/pages"}],"about":[{"href":"https:\/\/rentadeplataformastoluca.com\/plataformas\/wp-json\/wp\/v2\/types\/page"}],"author":[{"embeddable":true,"href":"https:\/\/rentadeplataformastoluca.com\/plataformas\/wp-json\/wp\/v2\/users\/1"}],"replies":[{"embeddable":true,"href":"https:\/\/rentadeplataformastoluca.com\/plataformas\/wp-json\/wp\/v2\/comments?post=50"}],"version-history":[{"count":28,"href":"https:\/\/rentadeplataformastoluca.com\/plataformas\/wp-json\/wp\/v2\/pages\/50\/revisions"}],"predecessor-version":[{"id":320,"href":"https:\/\/rentadeplataformastoluca.com\/plataformas\/wp-json\/wp\/v2\/pages\/50\/revisions\/320"}],"wp:attachment":[{"href":"https:\/\/rentadeplataformastoluca.com\/plataformas\/wp-json\/wp\/v2\/media?parent=50"}],"curies":[{"name":"wp","href":"https:\/\/api.w.org\/{rel}","templated":true}]}}